{"id":6061,"date":"2025-06-04T21:56:10","date_gmt":"2025-06-05T01:56:10","guid":{"rendered":"https:\/\/eyeinmotion.com\/?page_id=6061"},"modified":"2026-03-16T21:18:35","modified_gmt":"2026-03-17T01:18:35","slug":"get-in-touch-2","status":"publish","type":"page","link":"https:\/\/eyeinmotion.com\/fr\/get-in-touch-2\/","title":{"rendered":"Contactez-moi"},"content":{"rendered":"<div data-elementor-type=\"wp-page\" data-elementor-id=\"6061\" class=\"elementor elementor-6061\">\n\t\t\t\t\t\t<section class=\"elementor-section elementor-top-section elementor-element elementor-element-1e73b64e elementor-section-boxed elementor-section-height-default elementor-section-height-default\" data-id=\"1e73b64e\" data-element_type=\"section\" data-e-type=\"section\">\n\t\t\t\t\t\t<div class=\"elementor-container elementor-column-gap-default\">\n\t\t\t\t\t<div class=\"elementor-column elementor-col-33 elementor-top-column elementor-element elementor-element-3a055d70\" data-id=\"3a055d70\" data-element_type=\"column\" data-e-type=\"column\">\n\t\t\t<div class=\"elementor-widget-wrap elementor-element-populated\">\n\t\t\t\t\t\t<div class=\"elementor-element elementor-element-5cc9011e elementor-widget elementor-widget-wp-widget-shadow_contacts_widget\" data-id=\"5cc9011e\" data-element_type=\"widget\" data-e-type=\"widget\" data-widget_type=\"wp-widget-shadow_contacts_widget.default\">\n\t\t\t\t<div class=\"elementor-widget-container\">\n\t\t\t\t\t<div class=\"ashade-widget--contacts\">\n\t\t<ul class=\"ashade-contact-details__list has-labels\">\n\t<li>\n\t\t\t\t<i class=\"ashade-contact-icon asiade-icon--email\"><\/i>\n\t\t\t\t<a href=\"mailto:info@eyeinmotion.com\">info@eyeinmotion.com<\/a>\n\t\t\t<\/li><li>\n\t\t\t\t<i class=\"ashade-contact-icon asiade-icon--phone\"><\/i>\n\t\t\t\t<a href=\"tel:5146416552\">(514) 641 6552<\/a>\n\t\t\t<\/li><li class=\"ashade-contact-socials\">\n\t\t\t\t<i class=\"ashade-contact-icon asiade-icon--socials\"><\/i>\n\t\t\t\t\t<a class=\"ashade-social--linkedin is-icon\" href=\"http:\/\/linkedin.com\/in\/lucabalian\" target=\"_blank\"><svg xmlns=\"http:\/\/www.w3.org\/2000\/svg\" width=\"100\" height=\"100\" viewbox=\"0 0 100 100\">\n\t\t\t\t\t\t\t<path id=\"linkedin-square\" d=\"M92.857,32H7.121A7.174,7.174,0,0,0,0,39.21v85.58A7.174,7.174,0,0,0,7.121,132H92.857A7.193,7.193,0,0,0,100,124.79V39.21A7.193,7.193,0,0,0,92.857,32ZM30.223,117.714H15.4V69.991H30.246v47.723ZM22.813,63.473a8.594,8.594,0,1,1,8.594-8.594A8.6,8.6,0,0,1,22.813,63.473Zm62.969,54.241H70.96V94.5c0-5.536-.112-12.656-7.7-12.656-7.723,0-8.906,6.027-8.906,12.254v23.616H39.531V69.991H53.75v6.518h.2c1.987-3.75,6.83-7.7,14.04-7.7,15,0,17.79,9.888,17.79,22.746Z\" transform=\"translate(0 -32)\" fill=\"#fff\"\/>\n\t\t\t\t\t\t  <\/svg><\/a>\n\t\t\t\t\t<a class=\"ashade-social--youtube is-icon\" href=\"https:\/\/www.youtube.com\/@eyeinmotion\" target=\"_blank\"><svg xmlns=\"http:\/\/www.w3.org\/2000\/svg\" width=\"100\" height=\"100\" viewbox=\"0 0 100 100\">\n\t\t\t\t\t\t\t<path id=\"youtube-square\" d=\"M41.7,69.969l21.25,12.076L41.7,94.121ZM100,42.714v78.571A10.717,10.717,0,0,1,89.286,132H10.714A10.717,10.717,0,0,1,0,121.286V42.714A10.717,10.717,0,0,1,10.714,32H89.286A10.717,10.717,0,0,1,100,42.714ZM90.625,82.067s0-13.3-1.7-19.687a10.189,10.189,0,0,0-7.187-7.232C75.424,53.429,50,53.429,50,53.429s-25.424,0-31.741,1.719a10.189,10.189,0,0,0-7.187,7.232c-1.7,6.362-1.7,19.687-1.7,19.687s0,13.3,1.7,19.688a10.042,10.042,0,0,0,7.187,7.121c6.317,1.7,31.741,1.7,31.741,1.7s25.424,0,31.741-1.719a10.042,10.042,0,0,0,7.188-7.121c1.7-6.362,1.7-19.665,1.7-19.665Z\" transform=\"translate(0 -32)\" fill=\"#fff\"\/>\n\t\t\t\t\t\t  <\/svg><\/a>\n\t\t\t\t\t<a class=\"ashade-social--instagram is-icon\" href=\"https:\/\/www.instagram.com\/eiminmotion\" target=\"_blank\"><svg xmlns=\"http:\/\/www.w3.org\/2000\/svg\" width=\"100\" height=\"100\" viewbox=\"0 0 100 100\">\n\t\t\t\t\t\t\t<path id=\"instagram-square\" d=\"M90-1080H10a10.011,10.011,0,0,1-10-10v-80a10.011,10.011,0,0,1,10-10H90a10.011,10.011,0,0,1,10,10v80A10.011,10.011,0,0,1,90-1080Zm-39.5-87c-6.679,0-12.606.1-15.469.263-7.005.333-11.851,2.2-15.711,6.04-3.835,3.821-5.7,8.667-6.057,15.711-.352,6.216-.352,24.721,0,30.938.333,7.024,2.2,11.869,6.057,15.71s8.7,5.706,15.711,6.057c2.867.163,8.794.264,15.468.264s12.6-.1,15.468-.264c7.024-.333,11.87-2.2,15.711-6.057,3.836-3.835,5.7-8.681,6.057-15.71.352-6.213.352-24.708,0-30.92-.333-7.024-2.2-11.87-6.057-15.711-3.836-3.836-8.682-5.7-15.711-6.057C63.106-1166.9,57.179-1167,50.5-1167Zm6.638,68.273c-1.4,0-2.747-.014-3.937-.026H53.18c-.971-.01-1.889-.019-2.672-.019s-1.709.009-2.614.018c-1.166.011-2.487.024-3.863.024-5.024,0-12.109-.16-15.625-1.547a12.666,12.666,0,0,1-7.128-7.128c-1.679-4.233-1.586-13.379-1.525-19.431.01-.974.019-1.895.019-2.671s-.009-1.662-.018-2.614c-.058-6.075-.146-15.256,1.523-19.489a12.663,12.663,0,0,1,7.128-7.127c3.505-1.391,10.51-1.552,15.474-1.552,1.4,0,2.746.014,3.936.026h.022c.971.01,1.888.019,2.671.019s1.709-.009,2.614-.018c1.166-.011,2.487-.024,3.863-.024,5.024,0,12.11.161,15.627,1.548a12.666,12.666,0,0,1,7.128,7.127c1.679,4.234,1.586,13.38,1.525,19.431-.01.975-.019,1.9-.019,2.672s.009,1.7.019,2.672c.061,6.058.154,15.212-1.525,19.431a12.671,12.671,0,0,1-7.128,7.128C69.106-1098.888,62.1-1098.727,57.138-1098.727Zm-6.63-50.006a19.246,19.246,0,0,0-19.224,19.225,19.246,19.246,0,0,0,19.224,19.225,19.247,19.247,0,0,0,19.225-19.225A19.247,19.247,0,0,0,50.508-1148.733ZM70.52-1154a4.489,4.489,0,0,0-4.484,4.484,4.489,4.489,0,0,0,4.484,4.484A4.489,4.489,0,0,0,75-1149.52,4.489,4.489,0,0,0,70.52-1154ZM50.508-1117.01a12.512,12.512,0,0,1-12.5-12.5,12.513,12.513,0,0,1,12.5-12.5,12.513,12.513,0,0,1,12.5,12.5A12.513,12.513,0,0,1,50.508-1117.01Z\" transform=\"translate(0 1180)\" fill=\"#fff\"\/>\n\t\t\t\t\t\t  <\/svg><\/a><\/li>\t<\/ul>\n<\/div>\t\t\t\t<\/div>\n\t\t\t\t<\/div>\n\t\t\t\t\t<\/div>\n\t\t<\/div>\n\t\t\t\t<div class=\"elementor-column elementor-col-66 elementor-top-column elementor-element elementor-element-66989c54\" data-id=\"66989c54\" data-element_type=\"column\" data-e-type=\"column\">\n\t\t\t<div class=\"elementor-widget-wrap elementor-element-populated\">\n\t\t\t\t\t\t<div class=\"elementor-element elementor-element-3f4dd980 elementor-widget elementor-widget-shortcode\" data-id=\"3f4dd980\" data-element_type=\"widget\" data-e-type=\"widget\" data-widget_type=\"shortcode.default\">\n\t\t\t\t<div class=\"elementor-widget-container\">\n\t\t\t\t\t\t\t<div class=\"elementor-shortcode\">\n<div class=\"wpcf7 no-js\" id=\"wpcf7-f30-o1\" lang=\"en-US\" dir=\"ltr\" data-wpcf7-id=\"30\">\n<div class=\"screen-reader-response\"><p role=\"status\" aria-live=\"polite\" aria-atomic=\"true\"><\/p> <ul><\/ul><\/div>\n<form action=\"\/fr\/wp-json\/wp\/v2\/pages\/6061#wpcf7-f30-o1\" method=\"post\" class=\"wpcf7-form init\" aria-label=\"Contact form\" novalidate=\"novalidate\" data-status=\"init\" data-trp-original-action=\"\/fr\/wp-json\/wp\/v2\/pages\/6061#wpcf7-f30-o1\">\n<fieldset class=\"hidden-fields-container\"><input type=\"hidden\" name=\"_wpcf7\" value=\"30\" \/><input type=\"hidden\" name=\"_wpcf7_version\" value=\"6.1.5\" \/><input type=\"hidden\" name=\"_wpcf7_locale\" value=\"en_US\" \/><input type=\"hidden\" name=\"_wpcf7_unit_tag\" value=\"wpcf7-f30-o1\" \/><input type=\"hidden\" name=\"_wpcf7_container_post\" value=\"0\" \/><input type=\"hidden\" name=\"_wpcf7_posted_data_hash\" value=\"\" \/>\n<\/fieldset>\n<p><span class=\"wpcf7-form-control-wrap\" data-name=\"Services\"><select class=\"wpcf7-form-control wpcf7-select wpcf7-validates-as-required\" aria-required=\"true\" aria-invalid=\"false\" name=\"Services\"><option value=\"\">Choix de service:<\/option><option value=\"Corporate Event\">Corporate Event<\/option><option value=\"Engagement\">Session Fian\u00e7ailles<\/option><option value=\"Fashion Shoot\">Session Mode<\/option><option value=\"Portrait Session\">Session Portrait<\/option><option value=\"Real Estate\">Session Immobilier<\/option><option value=\"Wedding\">Mariage<\/option><option value=\"Other\">Autre<\/option><\/select><\/span>\n<\/p>\n<div class=\"ashade-row ashade-small-gap\">\n\t<div class=\"ashade-col col-4\">\n\t\t<p><span class=\"wpcf7-form-control-wrap\" data-name=\"your-name\"><input size=\"40\" maxlength=\"400\" class=\"wpcf7-form-control wpcf7-text wpcf7-validates-as-required\" aria-required=\"true\" aria-invalid=\"false\" placeholder=\"Nom\" value=\"\" type=\"text\" name=\"your-name\" \/><\/span>\n\t\t<\/p>\n\t<\/div>\n\t<div class=\"ashade-col col-4\">\n\t\t<p><span class=\"wpcf7-form-control-wrap\" data-name=\"your-email\"><input size=\"40\" maxlength=\"400\" class=\"wpcf7-form-control wpcf7-email wpcf7-validates-as-required wpcf7-text wpcf7-validates-as-email\" aria-required=\"true\" aria-invalid=\"false\" placeholder=\"Adresse courriel\" value=\"\" type=\"email\" name=\"your-email\" \/><\/span>\n\t\t<\/p>\n\t<\/div>\n\t<div class=\"ashade-col col-4\">\n\t\t<p><span class=\"wpcf7-form-control-wrap\" data-name=\"your-tel\"><input size=\"40\" maxlength=\"400\" class=\"wpcf7-form-control wpcf7-tel wpcf7-validates-as-required wpcf7-text wpcf7-validates-as-tel\" aria-required=\"true\" aria-invalid=\"false\" placeholder=\"Num\u00e9ro de t\u00e9l\u00e9phone\" value=\"\" type=\"tel\" name=\"your-tel\" \/><\/span>\n\t\t<\/p>\n\t<\/div>\n<\/div>\n<div class=\"ashade-form-textarea\">\n\t<p><span class=\"wpcf7-form-control-wrap\" data-name=\"your-message\"><textarea cols=\"40\" rows=\"10\" maxlength=\"2000\" class=\"wpcf7-form-control wpcf7-textarea\" aria-invalid=\"false\" placeholder=\"Votre message\" name=\"your-message\"><\/textarea><\/span>\n\t<\/p>\n<\/div>\n<div class=\"align-right\">\n\t<p><input class=\"wpcf7-form-control wpcf7-submit has-spinner\" type=\"submit\" value=\"Envoyer\" \/>\n\t<\/p>\n<\/div><div class=\"wpcf7-response-output\" aria-hidden=\"true\"><\/div>\n<input type=\"hidden\" name=\"trp-form-language\" value=\"fr\"\/><\/form>\n<\/div>\n<\/div>\n\t\t\t\t\t\t<\/div>\n\t\t\t\t<\/div>\n\t\t\t\t\t<\/div>\n\t\t<\/div>\n\t\t\t\t\t<\/div>\n\t\t<\/section>\n\t\t\t\t<\/div>","protected":false},"excerpt":{"rendered":"","protected":false},"author":1,"featured_media":0,"parent":0,"menu_order":0,"comment_status":"closed","ping_status":"closed","template":"","meta":{"nf_dc_page":"","footnotes":""},"class_list":["post-6061","page","type-page","status-publish","hentry"],"_links":{"self":[{"href":"https:\/\/eyeinmotion.com\/fr\/wp-json\/wp\/v2\/pages\/6061","targetHints":{"allow":["GET"]}}],"collection":[{"href":"https:\/\/eyeinmotion.com\/fr\/wp-json\/wp\/v2\/pages"}],"about":[{"href":"https:\/\/eyeinmotion.com\/fr\/wp-json\/wp\/v2\/types\/page"}],"author":[{"embeddable":true,"href":"https:\/\/eyeinmotion.com\/fr\/wp-json\/wp\/v2\/users\/1"}],"replies":[{"embeddable":true,"href":"https:\/\/eyeinmotion.com\/fr\/wp-json\/wp\/v2\/comments?post=6061"}],"version-history":[{"count":23,"href":"https:\/\/eyeinmotion.com\/fr\/wp-json\/wp\/v2\/pages\/6061\/revisions"}],"predecessor-version":[{"id":6616,"href":"https:\/\/eyeinmotion.com\/fr\/wp-json\/wp\/v2\/pages\/6061\/revisions\/6616"}],"wp:attachment":[{"href":"https:\/\/eyeinmotion.com\/fr\/wp-json\/wp\/v2\/media?parent=6061"}],"curies":[{"name":"wp","href":"https:\/\/api.w.org\/{rel}","templated":true}]}}